{"id":4216,"date":"2016-05-24T19:53:44","date_gmt":"2016-05-24T19:53:44","guid":{"rendered":"http:\/\/www.puntoazul.cl\/inicio\/?page_id=4216"},"modified":"2016-06-14T19:28:07","modified_gmt":"2016-06-14T19:28:07","slug":"nosotros","status":"publish","type":"page","link":"http:\/\/www.puntoazul.cl\/?page_id=4216","title":{"rendered":"Nosotros"},"content":{"rendered":"<div class=\"theme-two-third\">\r\n\t\t\t<div class=\"widget_testimonials-container direction-nav clearfix flexslider\" id=\"flexslider-testimonials-850\">\r\n\t\t\t\t<header>\r\n\t\t\t\t\t<h2><\/h2>\r\n\t\t\t\t<\/header>\r\n\t\t\t\t<ul class=\"slides\">\r\n\t\t\t\t\t<li>\r\n\t\t\t\t\t<article class=\"item\">\r\n\t\t\t\t\t\t<div class=\"item-helper\">\r\n\t\t\t\t\t\t\t<div class=\"avatar\">\r\n\t\t\t\t\t\t\t\t\r\n\t\t\t\t\t\t\t<\/div>\r\n\t\t\t\t\t\t\t<div class=\"author\">Punto Azul Ltda.<\/div>\r\n\t\t\t\t\t\t\t<span class=\"info\"><\/span>\r\n\t\t\t\t\t\t<\/div>\r\n\t\t\t\t\t\t<div class=\"item-body\">\r\n\t\t\t\t\t\t\t<div class=\"quote\">\r\n\t\t\t\t\t\t\t\t<span class=\"helper\"><\/span>\r\n\t\t\t\t\t\t\t\t<p style=\"text-align: justify;\"><em>Somos una empresa especializada en recursos humanos, outsourcing, servicios transitorios, consulting y payrolls, contamos con un amplio equipo de profesionales, que nos permiten cubrir las necesidades de nuestros clientes entregando soluciones integrales.<\/em><\/p>\r\n<p style=\"text-align: justify;\"><em>Nuestra filosof\u00eda es el compromiso con nuestros colaboradores y clientes, brind\u00e1ndoles atenci\u00f3n personalizada y estableciendo lazos de confianza perdurables en el tiempo.<\/em><\/p>\r\n\t\t\t\t\t\t\t<\/div>\r\n\t\t\t\t\t\t<\/div>\r\n\t\t\t\t\t<\/article><\/li>\r\n\t\t\t\t<\/ul>\r\n\t\t\t<\/div>\r\n\t\t\t<script type=\"text\/javascript\">\r\n\t\t\t\tjQuery(document).ready(function() {\r\n\t\t\t\t\tjQuery(\"#flexslider-testimonials-850\").flexslider({\r\n\t\t\t\t\t\tanimation: \"slide\",\r\n\t\t\t\t\t\tcontrolNav: false,\r\n\t\t\t\t\t\tsmoothHeight: true,\r\n\t\t\t\t\t\tslideshowSpeed: 7000\r\n\t\t\t\t\t});\r\n\r\n\t\t\t\t});\r\n\t\t\t<\/script><\/div><div class=\"theme-one-third theme-column-last\">\r\n\t\t\t<div class=\"sc-skillbar sc-skillbar-style-2\">\r\n\t\t\t\t<div class=\"sc-skillbar-title\">CERTIFICADO DE CALIDAD ISO 9001:2008<\/div>\r\n\t\t\t\t<div class=\"sc-skillbar-bar\" data-percentage=\"99\" data-color=\"\"><\/div>\r\n\t\t\t<\/div>\r\n\t\t\t<div class=\"sc-skillbar sc-skillbar-style-2\">\r\n\t\t\t\t<div class=\"sc-skillbar-title\">CERTIFICADO ACHILLES<\/div>\r\n\t\t\t\t<div class=\"sc-skillbar-bar\" data-percentage=\"99\" data-color=\"\"><\/div>\r\n\t\t\t<\/div>\r\n\t\t\t<div class=\"sc-skillbar sc-skillbar-style-2\">\r\n\t\t\t\t<div class=\"sc-skillbar-title\">COBERTURA EN TODO CHILE<\/div>\r\n\t\t\t\t<div class=\"sc-skillbar-bar\" data-percentage=\"99\" data-color=\"\"><\/div>\r\n\t\t\t<\/div><div class=\"clear\"><\/div><\/div><div class=\"clear\"><\/div><div  class='sc-divider sc-divider-style-2 sc-divider-center sc-divider-normal'><div class='sc-divider-text'>\u00bfPOR QU\u00c9 ELEGIRNOS?<\/div><\/div><div class=\"theme-one-fourth\">\r\n\t\t<article class=\"why-choose-us\">\r\n\t\t\t<a >\r\n\t\t\t\t<div class=\"why-choose-us-img img-1 animated\">\r\n\t\t\t\t\t<span><\/span>\r\n\t\t\t\t\t<span class=\"tran03slinear\"><\/span>\r\n\t\t\t\t\t<span ><\/span>\r\n\t\t\t\t<\/div>\r\n\t\t\t\t<h2 class=\"tran03slinear\">Experiencia<\/h2>\r\n\t\t\t<\/a>\r\n\t\t\t<p>Punto Azul est\u00e1 presente en el mercado nacional de Outsourcing en RRHH desde hace 16 a\u00f1os, aplicando altos est\u00e1ndares de excelencia en los servicios.<\/p>\r\n\t\t<\/article><\/div><div class=\"theme-one-fourth\">\r\n\t\t<article class=\"why-choose-us\">\r\n\t\t\t<a >\r\n\t\t\t\t<div class=\"why-choose-us-img img-1 animated\">\r\n\t\t\t\t\t<span><\/span>\r\n\t\t\t\t\t<span class=\"tran03slinear\"><\/span>\r\n\t\t\t\t\t<span ><\/span>\r\n\t\t\t\t<\/div>\r\n\t\t\t\t<h2 class=\"tran03slinear\">TRAYECTORIA<\/h2>\r\n\t\t\t<\/a>\r\n\t\t\t<p>Nuestra empresa tiene una trayectoria que la avalan sus clientes, por su gesti\u00f3n, confianza y soluciones integrales a la medida de las exigencias de mercado .<\/p>\r\n\t\t<\/article><\/div><div class=\"theme-one-fourth\">\r\n\t\t<article class=\"why-choose-us\">\r\n\t\t\t<a >\r\n\t\t\t\t<div class=\"why-choose-us-img img-1 animated\">\r\n\t\t\t\t\t<span><\/span>\r\n\t\t\t\t\t<span class=\"tran03slinear\"><\/span>\r\n\t\t\t\t\t<span ><\/span>\r\n\t\t\t\t<\/div>\r\n\t\t\t\t<h2 class=\"tran03slinear\">ORIENTACI\u00d3N<\/h2>\r\n\t\t\t<\/a>\r\n\t\t\t<p>Nuestro trabajo se orienta de acuerdo al mercado, otorgando suministro de personal mediante Outsourcing, con car\u00e1cter temporal y permanente.<\/p>\r\n\t\t<\/article><\/div><div class=\"theme-one-fourth theme-column-last\">\r\n\t\t<article class=\"why-choose-us\">\r\n\t\t\t<a >\r\n\t\t\t\t<div class=\"why-choose-us-img img-1 animated\">\r\n\t\t\t\t\t<span><\/span>\r\n\t\t\t\t\t<span class=\"tran03slinear\"><\/span>\r\n\t\t\t\t\t<span ><\/span>\r\n\t\t\t\t<\/div>\r\n\t\t\t\t<h2 class=\"tran03slinear\">Objetivos<\/h2>\r\n\t\t\t<\/a>\r\n\t\t\t<p>Contribuir efectivamente en los procesos de cambio y desarrollo organizacional de las empresas, utilizando para ello metodolog\u00edas de vanguardia.<\/p>\r\n\t\t<\/article><\/div><div class=\"clear\"><\/div><div class=\"theme-one-fourth\">\r\n\t\t<article class=\"why-choose-us\">\r\n\t\t\t<a >\r\n\t\t\t\t<div class=\"why-choose-us-img img-1 animated\">\r\n\t\t\t\t\t<span><\/span>\r\n\t\t\t\t\t<span class=\"tran03slinear\"><\/span>\r\n\t\t\t\t\t<span ><\/span>\r\n\t\t\t\t<\/div>\r\n\t\t\t\t<h2 class=\"tran03slinear\">CONOCIMIENTO<\/h2>\r\n\t\t\t<\/a>\r\n\t\t\t<p>Asesor\u00edas y consultor\u00edas para con nuestros clientes en el \u00e1mbito de la gesti\u00f3n de recursos humanos que incluyen tambi\u00e9n servicios de b\u00fasqueda y selecci\u00f3n de personal.<\/p>\r\n\t\t<\/article><\/div><div class=\"theme-one-fourth\">\r\n\t\t<article class=\"why-choose-us\">\r\n\t\t\t<a >\r\n\t\t\t\t<div class=\"why-choose-us-img img-1 animated\">\r\n\t\t\t\t\t<span><\/span>\r\n\t\t\t\t\t<span class=\"tran03slinear\"><\/span>\r\n\t\t\t\t\t<span ><\/span>\r\n\t\t\t\t<\/div>\r\n\t\t\t\t<h2 class=\"tran03slinear\">PORTAFOLIO<\/h2>\r\n\t\t\t<\/a>\r\n\t\t\t<p>Nuestra gran experiencia, principios, valores empresariales y filosof\u00eda de trabajo, nos han llevado a estar presentes en importantes empresas del mercado nacional.<\/p>\r\n\t\t<\/article><\/div><div class=\"theme-one-fourth\">\r\n\t\t<article class=\"why-choose-us\">\r\n\t\t\t<a >\r\n\t\t\t\t<div class=\"why-choose-us-img img-1 animated\">\r\n\t\t\t\t\t<span><\/span>\r\n\t\t\t\t\t<span class=\"tran03slinear\"><\/span>\r\n\t\t\t\t\t<span ><\/span>\r\n\t\t\t\t<\/div>\r\n\t\t\t\t<h2 class=\"tran03slinear\">PERMANENCIA<\/h2>\r\n\t\t\t<\/a>\r\n\t\t\t<p>A\u00f1os trabajando con clientes en sus oficinas e instalaciones, en diferentes \u00e1reas, son un respaldo que avala la calidad de nuestros servicios, siendo \u00e9sta nuestra principal carta de presentaci\u00f3n.<\/p>\r\n\t\t<\/article><\/div><div class=\"theme-one-fourth theme-column-last\">\r\n\t\t<article class=\"why-choose-us\">\r\n\t\t\t<a >\r\n\t\t\t\t<div class=\"why-choose-us-img img-1 animated\">\r\n\t\t\t\t\t<span><\/span>\r\n\t\t\t\t\t<span class=\"tran03slinear\"><\/span>\r\n\t\t\t\t\t<span ><\/span>\r\n\t\t\t\t<\/div>\r\n\t\t\t\t<h2 class=\"tran03slinear\">RAPIDEZ<\/h2>\r\n\t\t\t<\/a>\r\n\t\t\t<p>Inmediata respuesta de la provisi\u00f3n del personal requerido por nuestros clientes, hacen que Punto Azul sea una soluci\u00f3n a los grandes desaf\u00edos que presenta la Gesti\u00f3n de Recursos Humanos.<\/p>\r\n\t\t<\/article><\/div><div class=\"clear\"><\/div>\r\n\t\t<div class=\"sc-promo-line sc-highlight-full-width\" style=\"background-color: #333333; background-attachment: scroll; background-position: left top; padding-top: 34px; padding-bottom: 25px; margin-bottom: -30px;\">\r\n\t\t\t<div class=\"sc-highlight\">\r\n\t\t\t\t<div class=\"sc-promo-line-text theme-three-fourth\">\r\n\t\t\t\t\t<p><span class=\"sc-promo-line-header\">Somos Punto Azul,<\/span> especialistas en RRHH<\/p>\r\n\t\t\t\t<\/div>\r\n\t\t\t\t<div class=\"theme-one-fourth theme-column-last\">\r\n\t\t\t\t\t<p><a target=\"_self\" href=\"\/servicios\/\" class=\"sc-promoline-button btn-style3 icon-check\">Conozca nuestros servicios<\/a><\/p>\r\n\t\t\t\t<\/div>\r\n\t\t\t\t<div class=\"clear\"><\/div>\r\n\t\t\t<\/div>\r\n\t\t<\/div>\r\n\t","protected":false},"excerpt":{"rendered":"","protected":false},"author":1,"featured_media":0,"parent":0,"menu_order":0,"comment_status":"closed","ping_status":"closed","template":"","meta":[],"_links":{"self":[{"href":"http:\/\/www.puntoazul.cl\/index.php?rest_route=\/wp\/v2\/pages\/4216"}],"collection":[{"href":"http:\/\/www.puntoazul.cl\/index.php?rest_route=\/wp\/v2\/pages"}],"about":[{"href":"http:\/\/www.puntoazul.cl\/index.php?rest_route=\/wp\/v2\/types\/page"}],"author":[{"embeddable":true,"href":"http:\/\/www.puntoazul.cl\/index.php?rest_route=\/wp\/v2\/users\/1"}],"replies":[{"embeddable":true,"href":"http:\/\/www.puntoazul.cl\/index.php?rest_route=%2Fwp%2Fv2%2Fcomments&post=4216"}],"version-history":[{"count":3,"href":"http:\/\/www.puntoazul.cl\/index.php?rest_route=\/wp\/v2\/pages\/4216\/revisions"}],"predecessor-version":[{"id":4227,"href":"http:\/\/www.puntoazul.cl\/index.php?rest_route=\/wp\/v2\/pages\/4216\/revisions\/4227"}],"wp:attachment":[{"href":"http:\/\/www.puntoazul.cl\/index.php?rest_route=%2Fwp%2Fv2%2Fmedia&parent=4216"}],"curies":[{"name":"wp","href":"https:\/\/api.w.org\/{rel}","templated":true}]}}