{"id":3666,"date":"2013-10-01T07:55:44","date_gmt":"2013-10-01T07:55:44","guid":{"rendered":"http:\/\/circles.arenaofthemes.com\/?page_id=3666"},"modified":"2019-07-24T23:33:29","modified_gmt":"2019-07-25T03:33:29","slug":"circles-3-5","status":"publish","type":"page","link":"https:\/\/www.puntoazul.cl\/","title":{"rendered":"Inicio"},"content":{"rendered":"\r\n\t\t<div class=\"sc-highlight-full-width\" style=\"background-color: #FFFFFF; border: 1px solid #F0F0F0; background-attachment: scroll; background-position: left top; background-size: 100% 100%; margin-top: -30px; padding-top: 35px;\">\r\n\t\t\t\r\n\t\t\t\r\n\t\t\t<div class=\"sc-highlight\">\n<div class=\"theme-one-half\"><img src=\"http:\/\/www.puntoazul.cl\/inicio\/wp-content\/uploads\/2016\/03\/digital11.jpg\" class=\"wp-post-image animated alignnone left-to-right dont_scale\" alt=\"\" ><\/div>\n<div class=\"theme-one-half theme-column-last\"><h4 class=\"special-text\" style=\"font-size: 30px;font-weight: 300;text-align: left\"><span>Nuestras Cualidades<\/span><\/h4>\n\r\n\t\t\t<div class=\"sc-skillbar sc-skillbar-style-2\">\r\n\t\t\t\t<div class=\"sc-skillbar-title\">ATENCI\u00d3N PERSONALIZADA<\/div>\r\n\t\t\t\t<div class=\"sc-skillbar-bar\" data-percentage=\"99\" data-color=\"\"><\/div>\r\n\t\t\t<\/div>\r\n\t\t\t<div class=\"sc-skillbar sc-skillbar-style-2\">\r\n\t\t\t\t<div class=\"sc-skillbar-title\">COBERTURA NACIONAL<\/div>\r\n\t\t\t\t<div class=\"sc-skillbar-bar\" data-percentage=\"99\" data-color=\"\"><\/div>\r\n\t\t\t<\/div>\r\n\t\t\t<div class=\"sc-skillbar sc-skillbar-style-2\">\r\n\t\t\t\t<div class=\"sc-skillbar-title\">CERTIFICADO ACHILLES<\/div>\r\n\t\t\t\t<div class=\"sc-skillbar-bar\" data-percentage=\"99\" data-color=\"\"><\/div>\r\n\t\t\t<\/div>\r\n\t\t\t<div class=\"sc-skillbar sc-skillbar-style-2\">\r\n\t\t\t\t<div class=\"sc-skillbar-title\">16 A\u00d1OS DE EXPERIENCIA EN OUTSOURCING<\/div>\r\n\t\t\t\t<div class=\"sc-skillbar-bar\" data-percentage=\"99\" data-color=\"\"><\/div>\r\n\t\t\t<\/div>\r\n\t\t\t<div class=\"sc-skillbar sc-skillbar-style-2\">\r\n\t\t\t\t<div class=\"sc-skillbar-title\">COMPROMISO Y LEALTAD CON NUESTROS CLIENTES<\/div>\r\n\t\t\t\t<div class=\"sc-skillbar-bar\" data-percentage=\"99\" data-color=\"\"><\/div>\r\n\t\t\t<\/div><div class=\"clear\"><\/div>\n<\/div><div class=\"clear\"><\/div>\n<\/div>\r\n\t\t<\/div>\n\r\n\t\t<div class=\"sc-highlight-full-width\" style=\"background-image: url(http:\/\/www.puntoazul.cl\/inicio\/wp-content\/uploads\/2016\/03\/backgroundoficina.jpg); background-attachment: fixed; min-height: 300px; background-position: center center; padding-top: 60px; padding-bottom: 30px;\">\r\n\t\t\t\r\n\t\t\t\r\n\t\t\t<div class=\"sc-highlight\">\n<p>&nbsp;<\/p>\n<div class=\"theme-one-third\">\n<div class=\"sc-icon sc-icon-style3\" style=\"color: #e2e5e8\">\r\n\t\t<span class=\"icomoon-search-5\" style=\"background-color: #4a97ca;\"><\/span>\r\n\t\t<h2>SELECCI\u00d3N Y CAPACITACI\u00d3N<\/h2>\r\n\t\t\n<p>Reclutamiento, contrataci\u00f3n, pruebas psicol\u00f3gicas,\u00a0adiestramiento y\u00a0formaci\u00f3n de personal&#8230;<\/p>\n\r\n\t  <\/div>\n<\/div>\n<div class=\"theme-one-third\">\n<div class=\"sc-icon sc-icon-style3\" style=\"color: #e2e5e8\">\r\n\t\t<span class=\"icomoon-users-4\" style=\"background-color: #4a97ca;\"><\/span>\r\n\t\t<h2>OUTSOURCING<\/h2>\r\n\t\t\n<p>Externalizaci\u00f3n de personal, operaciones, promoci\u00f3n y venta, administraci\u00f3n, mantenci\u00f3n y log\u00edstica&#8230;<br \/>\n\r\n\t  <\/div>\n<\/div>\n<div class=\"theme-one-third theme-column-last\">\n<div class=\"sc-icon sc-icon-style3\" style=\"color: #e2e5e8\">\r\n\t\t<span class=\"icomoon-loop-5\" style=\"background-color: #4a97ca;\"><\/span>\r\n\t\t<h2>SERVICIOS TRANSITORIOS<\/h2>\r\n\t\t\n<p>Contingencia laboral, licencias m\u00e9dicas, vacaciones, re-emplazo fuero maternal, proyectos temporales&#8230;<\/p>\n\r\n\t  <\/div>\n<\/div><div class=\"clear\"><\/div>\n<div class=\"theme-one-third\">\n<div class=\"sc-icon sc-icon-style3\" style=\"color: #e2e5e8\">\r\n\t\t<span class=\"icomoon-stats-up\" style=\"background-color: #4a97ca;\"><\/span>\r\n\t\t<h2>CONSULTOR\u00cdA RRHH<\/h2>\r\n\t\t\n<p>Ayudamos a las organizaciones a identificar y definir posibilidades de mejora&#8230;<\/p>\n\r\n\t  <\/div>\n<\/div>\n<div class=\"theme-one-third\">\n<div class=\"sc-icon sc-icon-style3\" style=\"color: #e2e5e8\">\r\n\t\t<span class=\"icomoon-coins\" style=\"background-color: #4a97ca;\"><\/span>\r\n\t\t<h2>PAGO DE REMUNERACIONES<\/h2>\r\n\t\t\n<p>Pago de cotizaciones, declaraci\u00f3n de impuestos, finiquitos,\u00a0transferencias l\u00edquidos a pagar&#8230;<\/p>\n\r\n\t  <\/div>\n<\/div>\n<div class=\"theme-one-third theme-column-last\">\n<div class=\"sc-icon sc-icon-style3\" style=\"color: #e2e5e8\">\r\n\t\t<span class=\"icomoon-checkbox\" style=\"background-color: #4a97ca;\"><\/span>\r\n\t\t<h2>ACTIVACIONES DE MARCA<\/h2>\r\n\t\t\n<p>Promotoras, vendedores, captadores, degustaciones, merchandising, supervisores, reponedores&#8230;<\/p>\n\r\n\t  <\/div>\n<\/div><div class=\"clear\"><\/div>\n<\/div>\r\n\t\t<\/div>\n<p>&nbsp;<\/p>\n\r\n\t\t<div class=\"sc-highlight-full-width\" style=\"background-color: #FFFFFF; background-attachment: scroll; background-position: left top; background-size: 100% 100%; margin-top: -30px; padding-top: 35px;\">\r\n\t\t\t\r\n\t\t\t\r\n\t\t\t<div class=\"sc-highlight\">\n<div class=\"theme-one-half\">\n<h3 class=\"special-text\" style=\"color: #45484a;font-size: 24px;font-weight: 300;margin-bottom: 30px;text-align: left\"><span>ACERCA DE NOSOTROS<\/span><\/h3>\n\r\n\t\t\t<article class=\"sc-testimonial sc-testimonial-style2\">\r\n\t\t\t\r\n\t\t\t<p style=\"text-align: justify;\"><em>Somos una empresa especializada en recursos humanos, outsourcing, servicios transitorios, consulting y payrolls, contamos con un amplio equipo de profesionales, que nos permiten cubrir las necesidades de nuestros clientes entregando soluciones integrales.<\/em><\/p>\n<p style=\"text-align: justify;\"><em>Nuestra filosof\u00eda es el compromiso con nuestros colaboradores y clientes, brind\u00e1ndoles atenci\u00f3n personalizada y estableciendo lazos de confianza perdurables en el tiempo.<\/em><\/p>\n\r\n\t\t\t<span><b>Punto Azul Ltda.<\/b> <\/span>\r\n\t\t  <\/article>\r\n\t\t<\/div>\n<div class=\"theme-one-half theme-column-last\"><h3 class=\"special-text\" style=\"color: #45484a;font-size: 24px;font-weight: 300;margin-bottom: 30px;text-align: left\"><span>ESCR\u00cdBENOS<\/span><\/h3>\n\r\n\t\t<form class=\"sc-form\" method=\"post\" data-required=\"Este campo es requerido\" data-email=\"Por favor verifique su email\">\r\n\t\t\t\r\n\t\t\t<div class=\"sc-form-error\"><\/div>\r\n\t\t\t<input type=\"hidden\" id=\"_wpnonce\" name=\"_wpnonce\" value=\"4ac9575694\" \/><input type=\"hidden\" name=\"_wp_http_referer\" value=\"\/index.php?rest_route=%2Fwp%2Fv2%2Fpages%2F3666\" \/>\r\n\t\t\t\r\n\t\t\t\t<div class=\"sc-form-row sc-form-text sc-form-first \">\r\n\t\t\t\t\t<span class=\"sc-form-icon icon-user\"><\/span>\r\n\t\t\t\t\t<input type=\"text\" placeholder=\"Nombre*\" name=\"shortcode_form_Nombre\" id=\"shortcode_form_Nombre\" class=\"required\" \/>\r\n\t\t\t\t<\/div>\r\n\t\t\t\t<div class=\"sc-form-row sc-form-email sc-form-no-top-border\">\r\n\t\t\t\t\t<span class=\"sc-form-icon icomoon-mail-2\"><\/span>\r\n\t\t\t\t\t<input type=\"text\" placeholder=\"Email*\" name=\"shortcode_form_Email\" id=\"shortcode_form_Email\" class=\"email required\" \/>\r\n\t\t\t\t<\/div>\r\n\t\t\t\t<div class=\"sc-form-row sc-form-textarea sc-form-no-top-border\">\r\n\t\t\t\t\t<span class=\"sc-form-icon \"><\/span>\r\n\t\t\t\t\t<textarea placeholder=\"Mensaje*\" name=\"shortcode_form_Mensaje\" id=\"shortcode_form_Mensaje\" class=\"required\"><\/textarea>\r\n\t\t\t\t<\/div>\r\n\t\t\t<div class=\"sc-form-row sc-form-submit\">\r\n\t\t\t\t<input type=\"submit\" name=\"submit\" value=\"Enviar \" \/>\r\n\t\t\t\t<span class=\"sc-form-clear\">Clear <span class=\"icon-remove-sign\"><\/span><\/span>\r\n\t\t\t<\/div>\r\n\t\t<\/form>\r\n\t<\/div><div class=\"clear\"><\/div>\n<\/div>\r\n\t\t<\/div>\n<p>&nbsp;<\/p>\n<div  class='sc-divider sc-divider-style-1 sc-divider-center sc-divider-small'><div class='sc-divider-text'>\u00daltimas Noticias<\/div><div class=\"sc-divider-scroll\">Ir arriba<\/div><\/div>\n<div class=\"framework-box\">\n<div class=\"framework-box\">\n<div class=\"box-description\">\n<div class=\"shortcode-usage\">\r\n\t\t\t<section class='widget latest_posts_2'>\r\n\t\t\t\t<div class='grid_12'>\r\n\t\t\t\t\t<div class='flexslider latest_posts_2-container clearfix'>\r\n\t\t\t\t\t\t<ul class='slides'>\r\n\t\t\t\t<li>\r\n\t\t\t\t\t<article class='item post '>\r\n\t\t\t\t\t\t<div class='item-body'>\r\n\t\t\t\t\t\t\t<div class='item-helper'>\r\n\t\t\t\t\t\t\t\t<div class='post-type'>\r\n\t\t\t\t\t\t\t\t\t<span><\/span>\r\n\t\t\t\t\t\t\t\t<\/div>\r\n\t\t\t\t\t\t\t<\/div>\r\n\t\t\t\t\t\t\t<header>\r\n\t\t\t\t\t\t\t\t<a href='https:\/\/www.puntoazul.cl\/?p=4432'><h2>Vavada Casino odpowiedzialna gra<\/h2><\/a>\r\n\t\t\t\t\t\t\t<\/header>\r\n\t\t\t\t\t\t\t<div class='meta'>\r\n\t\t\t\t\t\t\t\t<div class='post-author inline'>\r\n\t\t\t\t\t\t\t\t\tPor\r\n\t\t\t\t\t\t\t\t\t<span>\r\n\t\t\t\t\t\t\t\t\t\t<a href=\"http:\/\/www.puntoazul.cl\" title=\"Visitar host&#8217;s sitio web\" rel=\"author external\">host<\/a>\r\n\t\t\t\t\t\t\t\t\t<\/span>\r\n\t\t\t\t\t\t\t\t<\/div>\r\n\t\t\t\t\t\t\t\t<div class='post-date'>\r\n\t\t\t\t\t\t\t\t\t<span>Ene 20,2026<\/span>\r\n\t\t\t\t\t\t\t\t<\/div>\r\n\t\t\t\t\t\t\t\t<div class='post-category'>\r\n\t\t\t\t\t\t\t\t\t<span>\r\n\t\t\t\t\t\t\t\t\t\t<a href=\"https:\/\/www.puntoazul.cl\/?cat=134\" rel=\"category\">vavada<\/a>\r\n\t\t\t\t\t\t\t\t\t<\/span>\r\n\t\t\t\t\t\t\t\t<\/div>\r\n\t\t\t\t\t\t\t<\/div>\r\n\t\t\t\t\t\t\t<div class='excerpt'>\r\n\t\t\t\t\t\t\t\t<p>Vavada Casino odpowiedzialna gra Poznaj Sweet Bonanza Vavada Casino z bliska Przygotowana przez uznanego dewelopera Pragmatic Play i dost\u0119pna w kasynie Vavada [&hellip;]<\/p>\r\n\t\t\t\t\t\t\t<\/div>\r\n\t\t\t\t\t\t<\/div>\r\n\t\t\t\t\t<\/article>\r\n\t\t\t\t<\/li>\r\n\t\t\t\t<li>\r\n\t\t\t\t\t<article class='item post '><div class=\"media\"><div class=\"overlay\"><\/div><img src=\"https:\/\/www.puntoazul.cl\/wp-content\/uploads\/2016\/03\/digital4.jpg\" class=\"wp-post-image\" width=\"360\" height=\"181\" alt=\"Aumentan las vacantes labolares\"  \/><\/div>\r\n\t\t\t\t\t\t<div class='item-body'>\r\n\t\t\t\t\t\t\t<div class='item-helper'>\r\n\t\t\t\t\t\t\t\t<div class='post-type'>\r\n\t\t\t\t\t\t\t\t\t<span><\/span>\r\n\t\t\t\t\t\t\t\t<\/div>\r\n\t\t\t\t\t\t\t<\/div>\r\n\t\t\t\t\t\t\t<header>\r\n\t\t\t\t\t\t\t\t<a href='https:\/\/www.puntoazul.cl\/?p=3447'><h2>Aumentan las vacantes labolares<\/h2><\/a>\r\n\t\t\t\t\t\t\t<\/header>\r\n\t\t\t\t\t\t\t<div class='meta'>\r\n\t\t\t\t\t\t\t\t<div class='post-author inline'>\r\n\t\t\t\t\t\t\t\t\tPor\r\n\t\t\t\t\t\t\t\t\t<span>\r\n\t\t\t\t\t\t\t\t\t\t\r\n\t\t\t\t\t\t\t\t\t<\/span>\r\n\t\t\t\t\t\t\t\t<\/div>\r\n\t\t\t\t\t\t\t\t<div class='post-date'>\r\n\t\t\t\t\t\t\t\t\t<span>May 10,2016<\/span>\r\n\t\t\t\t\t\t\t\t<\/div>\r\n\t\t\t\t\t\t\t\t<div class='post-category'>\r\n\t\t\t\t\t\t\t\t\t<span>\r\n\t\t\t\t\t\t\t\t\t\t<a href=\"https:\/\/www.puntoazul.cl\/?cat=5\" rel=\"category\">Standard<\/a>\r\n\t\t\t\t\t\t\t\t\t<\/span>\r\n\t\t\t\t\t\t\t\t<\/div>\r\n\t\t\t\t\t\t\t<\/div>\r\n\t\t\t\t\t\t\t<div class='excerpt'>\r\n\t\t\t\t\t\t\t\t<p><\/p>\r\n\t\t\t\t\t\t\t<\/div>\r\n\t\t\t\t\t\t<\/div>\r\n\t\t\t\t\t<\/article>\r\n\t\t\t\t<\/li>\r\n\t\t\t\t<li>\r\n\t\t\t\t\t<article class='item post '>\r\n\t\t\t\t\t\t<div class='item-body'>\r\n\t\t\t\t\t\t\t<div class='item-helper'>\r\n\t\t\t\t\t\t\t\t<div class='post-type'>\r\n\t\t\t\t\t\t\t\t\t<span><\/span>\r\n\t\t\t\t\t\t\t\t<\/div>\r\n\t\t\t\t\t\t\t<\/div>\r\n\t\t\t\t\t\t\t<header>\r\n\t\t\t\t\t\t\t\t<a href='https:\/\/www.puntoazul.cl\/?p=4434'><h2>Vavada: Kompletny przewodnik po...<\/h2><\/a>\r\n\t\t\t\t\t\t\t<\/header>\r\n\t\t\t\t\t\t\t<div class='meta'>\r\n\t\t\t\t\t\t\t\t<div class='post-author inline'>\r\n\t\t\t\t\t\t\t\t\tPor\r\n\t\t\t\t\t\t\t\t\t<span>\r\n\t\t\t\t\t\t\t\t\t\t<a href=\"http:\/\/www.puntoazul.cl\" title=\"Visitar host&#8217;s sitio web\" rel=\"author external\">host<\/a>\r\n\t\t\t\t\t\t\t\t\t<\/span>\r\n\t\t\t\t\t\t\t\t<\/div>\r\n\t\t\t\t\t\t\t\t<div class='post-date'>\r\n\t\t\t\t\t\t\t\t\t<span>May 04,2016<\/span>\r\n\t\t\t\t\t\t\t\t<\/div>\r\n\t\t\t\t\t\t\t\t<div class='post-category'>\r\n\t\t\t\t\t\t\t\t\t<span>\r\n\t\t\t\t\t\t\t\t\t\t<a href=\"https:\/\/www.puntoazul.cl\/?cat=135\" rel=\"category\">vavadatestpl<\/a>\r\n\t\t\t\t\t\t\t\t\t<\/span>\r\n\t\t\t\t\t\t\t\t<\/div>\r\n\t\t\t\t\t\t\t<\/div>\r\n\t\t\t\t\t\t\t<div class='excerpt'>\r\n\t\t\t\t\t\t\t\t<p>Vavada: Kompletny przewodnik po kasynie online w Polsce Vavada to znane kasyno online, kt\u00f3re dzia\u0142a r\u00f3wnie\u017c w Polsce. Strona przyci\u0105ga graczy szerok\u0105 [&hellip;]<\/p>\r\n\t\t\t\t\t\t\t<\/div>\r\n\t\t\t\t\t\t<\/div>\r\n\t\t\t\t\t<\/article>\r\n\t\t\t\t<\/li>\r\n\t\t\t\t<li>\r\n\t\t\t\t\t<article class='item post '><div class=\"media\"><div class=\"overlay\"><\/div><img src=\"https:\/\/www.puntoazul.cl\/wp-content\/uploads\/2016\/03\/marketing-plan1.jpg\" class=\"wp-post-image\" width=\"360\" height=\"181\" alt=\"La planificaci\u00f3n es la clave del \u00e9xito\"  \/><\/div>\r\n\t\t\t\t\t\t<div class='item-body'>\r\n\t\t\t\t\t\t\t<div class='item-helper'>\r\n\t\t\t\t\t\t\t\t<div class='post-type'>\r\n\t\t\t\t\t\t\t\t\t<span><\/span>\r\n\t\t\t\t\t\t\t\t<\/div>\r\n\t\t\t\t\t\t\t<\/div>\r\n\t\t\t\t\t\t\t<header>\r\n\t\t\t\t\t\t\t\t<a href='https:\/\/www.puntoazul.cl\/?p=4032'><h2>La planificaci\u00f3n es la clave del...<\/h2><\/a>\r\n\t\t\t\t\t\t\t<\/header>\r\n\t\t\t\t\t\t\t<div class='meta'>\r\n\t\t\t\t\t\t\t\t<div class='post-author inline'>\r\n\t\t\t\t\t\t\t\t\tPor\r\n\t\t\t\t\t\t\t\t\t<span>\r\n\t\t\t\t\t\t\t\t\t\t\r\n\t\t\t\t\t\t\t\t\t<\/span>\r\n\t\t\t\t\t\t\t\t<\/div>\r\n\t\t\t\t\t\t\t\t<div class='post-date'>\r\n\t\t\t\t\t\t\t\t\t<span>Mar 31,2016<\/span>\r\n\t\t\t\t\t\t\t\t<\/div>\r\n\t\t\t\t\t\t\t\t<div class='post-category'>\r\n\t\t\t\t\t\t\t\t\t<span>\r\n\t\t\t\t\t\t\t\t\t\t<a href=\"https:\/\/www.puntoazul.cl\/?cat=1\" rel=\"category\">Sin categor\u00eda<\/a>\r\n\t\t\t\t\t\t\t\t\t<\/span>\r\n\t\t\t\t\t\t\t\t<\/div>\r\n\t\t\t\t\t\t\t<\/div>\r\n\t\t\t\t\t\t\t<div class='excerpt'>\r\n\t\t\t\t\t\t\t\t<p><\/p>\r\n\t\t\t\t\t\t\t<\/div>\r\n\t\t\t\t\t\t<\/div>\r\n\t\t\t\t\t<\/article>\r\n\t\t\t\t<\/li>\r\n\t\t\t\t<li>\r\n\t\t\t\t\t<article class='item post '><div class=\"media\"><div class=\"overlay\"><\/div><img src=\"https:\/\/www.puntoazul.cl\/wp-content\/uploads\/2016\/03\/Hombre-multitarea.jpg\" class=\"wp-post-image\" width=\"360\" height=\"181\" alt=\"El hombre multitarea en la empresa\"  \/><\/div>\r\n\t\t\t\t\t\t<div class='item-body'>\r\n\t\t\t\t\t\t\t<div class='item-helper'>\r\n\t\t\t\t\t\t\t\t<div class='post-type'>\r\n\t\t\t\t\t\t\t\t\t<span><\/span>\r\n\t\t\t\t\t\t\t\t<\/div>\r\n\t\t\t\t\t\t\t<\/div>\r\n\t\t\t\t\t\t\t<header>\r\n\t\t\t\t\t\t\t\t<a href='https:\/\/www.puntoazul.cl\/?p=4024'><h2>El hombre multitarea en la empresa<\/h2><\/a>\r\n\t\t\t\t\t\t\t<\/header>\r\n\t\t\t\t\t\t\t<div class='meta'>\r\n\t\t\t\t\t\t\t\t<div class='post-author inline'>\r\n\t\t\t\t\t\t\t\t\tPor\r\n\t\t\t\t\t\t\t\t\t<span>\r\n\t\t\t\t\t\t\t\t\t\t\r\n\t\t\t\t\t\t\t\t\t<\/span>\r\n\t\t\t\t\t\t\t\t<\/div>\r\n\t\t\t\t\t\t\t\t<div class='post-date'>\r\n\t\t\t\t\t\t\t\t\t<span>Mar 31,2016<\/span>\r\n\t\t\t\t\t\t\t\t<\/div>\r\n\t\t\t\t\t\t\t\t<div class='post-category'>\r\n\t\t\t\t\t\t\t\t\t<span>\r\n\t\t\t\t\t\t\t\t\t\t<a href=\"https:\/\/www.puntoazul.cl\/?cat=5\" rel=\"category\">Standard<\/a>\r\n\t\t\t\t\t\t\t\t\t<\/span>\r\n\t\t\t\t\t\t\t\t<\/div>\r\n\t\t\t\t\t\t\t<\/div>\r\n\t\t\t\t\t\t\t<div class='excerpt'>\r\n\t\t\t\t\t\t\t\t<p><\/p>\r\n\t\t\t\t\t\t\t<\/div>\r\n\t\t\t\t\t\t<\/div>\r\n\t\t\t\t\t<\/article>\r\n\t\t\t\t<\/li>\r\n\t\t\t\t<li>\r\n\t\t\t\t\t<article class='item post '><div class=\"media\"><div class=\"overlay\"><\/div><img src=\"https:\/\/www.puntoazul.cl\/wp-content\/uploads\/2016\/03\/digital6.jpg\" class=\"wp-post-image\" width=\"360\" height=\"181\" alt=\"El Marketing como estrategia de negocio\"  \/><\/div>\r\n\t\t\t\t\t\t<div class='item-body'>\r\n\t\t\t\t\t\t\t<div class='item-helper'>\r\n\t\t\t\t\t\t\t\t<div class='post-type'>\r\n\t\t\t\t\t\t\t\t\t<span><\/span>\r\n\t\t\t\t\t\t\t\t<\/div>\r\n\t\t\t\t\t\t\t<\/div>\r\n\t\t\t\t\t\t\t<header>\r\n\t\t\t\t\t\t\t\t<a href='https:\/\/www.puntoazul.cl\/?p=3983'><h2>El Marketing como estrategia de...<\/h2><\/a>\r\n\t\t\t\t\t\t\t<\/header>\r\n\t\t\t\t\t\t\t<div class='meta'>\r\n\t\t\t\t\t\t\t\t<div class='post-author inline'>\r\n\t\t\t\t\t\t\t\t\tPor\r\n\t\t\t\t\t\t\t\t\t<span>\r\n\t\t\t\t\t\t\t\t\t\t\r\n\t\t\t\t\t\t\t\t\t<\/span>\r\n\t\t\t\t\t\t\t\t<\/div>\r\n\t\t\t\t\t\t\t\t<div class='post-date'>\r\n\t\t\t\t\t\t\t\t\t<span>Mar 31,2016<\/span>\r\n\t\t\t\t\t\t\t\t<\/div>\r\n\t\t\t\t\t\t\t\t<div class='post-category'>\r\n\t\t\t\t\t\t\t\t\t<span>\r\n\t\t\t\t\t\t\t\t\t\t<a href=\"https:\/\/www.puntoazul.cl\/?cat=1\" rel=\"category\">Sin categor\u00eda<\/a>\r\n\t\t\t\t\t\t\t\t\t<\/span>\r\n\t\t\t\t\t\t\t\t<\/div>\r\n\t\t\t\t\t\t\t<\/div>\r\n\t\t\t\t\t\t\t<div class='excerpt'>\r\n\t\t\t\t\t\t\t\t<p><\/p>\r\n\t\t\t\t\t\t\t<\/div>\r\n\t\t\t\t\t\t<\/div>\r\n\t\t\t\t\t<\/article>\r\n\t\t\t\t<\/li>\r\n\t\t\t\t<li>\r\n\t\t\t\t\t<article class='item post '><div class=\"media\"><div class=\"overlay\"><\/div><img src=\"https:\/\/www.puntoazul.cl\/wp-content\/uploads\/2016\/03\/digital3.jpg\" class=\"wp-post-image\" width=\"360\" height=\"181\" alt=\"Punto azul celebra sus 15 a\u00f1os\"  \/><\/div>\r\n\t\t\t\t\t\t<div class='item-body'>\r\n\t\t\t\t\t\t\t<div class='item-helper'>\r\n\t\t\t\t\t\t\t\t<div class='post-type'>\r\n\t\t\t\t\t\t\t\t\t<span><\/span>\r\n\t\t\t\t\t\t\t\t<\/div>\r\n\t\t\t\t\t\t\t<\/div>\r\n\t\t\t\t\t\t\t<header>\r\n\t\t\t\t\t\t\t\t<a href='https:\/\/www.puntoazul.cl\/?p=4013'><h2>Punto azul celebra sus 15 a\u00f1os<\/h2><\/a>\r\n\t\t\t\t\t\t\t<\/header>\r\n\t\t\t\t\t\t\t<div class='meta'>\r\n\t\t\t\t\t\t\t\t<div class='post-author inline'>\r\n\t\t\t\t\t\t\t\t\tPor\r\n\t\t\t\t\t\t\t\t\t<span>\r\n\t\t\t\t\t\t\t\t\t\t\r\n\t\t\t\t\t\t\t\t\t<\/span>\r\n\t\t\t\t\t\t\t\t<\/div>\r\n\t\t\t\t\t\t\t\t<div class='post-date'>\r\n\t\t\t\t\t\t\t\t\t<span>Mar 30,2016<\/span>\r\n\t\t\t\t\t\t\t\t<\/div>\r\n\t\t\t\t\t\t\t\t<div class='post-category'>\r\n\t\t\t\t\t\t\t\t\t<span>\r\n\t\t\t\t\t\t\t\t\t\t<a href=\"https:\/\/www.puntoazul.cl\/?cat=1\" rel=\"category\">Sin categor\u00eda<\/a>\r\n\t\t\t\t\t\t\t\t\t<\/span>\r\n\t\t\t\t\t\t\t\t<\/div>\r\n\t\t\t\t\t\t\t<\/div>\r\n\t\t\t\t\t\t\t<div class='excerpt'>\r\n\t\t\t\t\t\t\t\t<p><\/p>\r\n\t\t\t\t\t\t\t<\/div>\r\n\t\t\t\t\t\t<\/div>\r\n\t\t\t\t\t<\/article>\r\n\t\t\t\t<\/li><\/ul>\r\n\t\t\t\t\t<\/div>\r\n\t\t\t\t<\/div>\r\n\t\t\t<\/section>\r\n\t\t\t<div class='clear'><\/div><\/div>\n<\/div>\n<\/div>\n<div class=\"framework-box\"><\/div>\n<div class=\"framework-box\"><\/div>\n<\/div>\n","protected":false},"excerpt":{"rendered":"<p>&nbsp; &nbsp;<\/p>\n","protected":false},"author":3,"featured_media":0,"parent":0,"menu_order":0,"comment_status":"open","ping_status":"open","template":"template-alternative.php","meta":[],"_links":{"self":[{"href":"https:\/\/www.puntoazul.cl\/index.php?rest_route=\/wp\/v2\/pages\/3666"}],"collection":[{"href":"https:\/\/www.puntoazul.cl\/index.php?rest_route=\/wp\/v2\/pages"}],"about":[{"href":"https:\/\/www.puntoazul.cl\/index.php?rest_route=\/wp\/v2\/types\/page"}],"author":[{"embeddable":true,"href":"https:\/\/www.puntoazul.cl\/index.php?rest_route=\/wp\/v2\/users\/3"}],"replies":[{"embeddable":true,"href":"https:\/\/www.puntoazul.cl\/index.php?rest_route=%2Fwp%2Fv2%2Fcomments&post=3666"}],"version-history":[{"count":124,"href":"https:\/\/www.puntoazul.cl\/index.php?rest_route=\/wp\/v2\/pages\/3666\/revisions"}],"predecessor-version":[{"id":4426,"href":"https:\/\/www.puntoazul.cl\/index.php?rest_route=\/wp\/v2\/pages\/3666\/revisions\/4426"}],"wp:attachment":[{"href":"https:\/\/www.puntoazul.cl\/index.php?rest_route=%2Fwp%2Fv2%2Fmedia&parent=3666"}],"curies":[{"name":"wp","href":"https:\/\/api.w.org\/{rel}","templated":true}]}}