{"id":4245,"date":"2016-05-25T15:59:46","date_gmt":"2016-05-25T15:59:46","guid":{"rendered":"http:\/\/www.puntoazul.cl\/inicio\/?page_id=4245"},"modified":"2016-05-26T17:51:14","modified_gmt":"2016-05-26T17:51:14","slug":"outsourcing","status":"publish","type":"page","link":"https:\/\/www.puntoazul.cl\/?page_id=4245","title":{"rendered":"Outsourcing"},"content":{"rendered":"<div style=\"border-bottom-width: 1px\" class='sc-divider sc-divider-style-1 sc-divider-center sc-divider-normal'><div class='sc-divider-text'>ESPECIALISTAS EN TRADE MARKETING<\/div><\/div><div class=\"theme-one-half\"><h3 class=\"special-text\" style=\"font-weight: 300;text-align: left\"><span><p style=\"text-align: justify;\">A trav\u00e9s del \u00e1rea de Trade Marketing, Punto Azul provee servicios y soluciones altamente especializadas de RR.HH. a empresas de consumo masivo, orientados a resolver todas sus necesidades de exhibici\u00f3n, rotaci\u00f3n, reposici\u00f3n, promoci\u00f3n, supervisi\u00f3n y reporte de sus productos en el punto de venta, contribuyendo al \u00e9xito de sus estrategias. Una amplia experiencia con importantes empresas de consumo masivo avala esta \u00e1rea de servicio.<\/p><\/span><\/h3><\/div><div class=\"theme-one-half theme-column-last\">\r\n    <div class='blockquote-container-left'>\r\n      <div class='blockquote blockquote-classic'>\r\n        <p><p style=\"text-align: justify;\">Actualmente, Punto Azul ofrece apoyo en las \u00e1reas de activaci\u00f3n de marcas y gesti\u00f3n del punto de venta, redes de venta y promociones, control de almacenaje, gesti\u00f3n del espacio del establecimiento, definici\u00f3n de promociones para clientes y distribuidores, ejecuci\u00f3n de planes estrat\u00e9gicos, supervisi\u00f3n, entrenamiento y administraci\u00f3n de operaciones de venta, entre otros.<\/p><\/p>\r\n        \r\n      <\/div>\r\n    <\/div><\/div><div class=\"clear\"><\/div><div class=\"theme-two-third\">\r\n\t\t<div class='advantages'>\r\n\t\t\t\r\n\t\t\t<div class=\"sc-icon\">\r\n\t\t\t\t<span class=\"icomoon-users-3 animated slow\"><\/span>\r\n\t\t\t\t<h2><\/h2>\r\n\t\t\t\t<p>Personal en todas las regiones, para la correcta administraci\u00f3n del servicio a nivel regional.<\/p>\r\n\t\t\t<\/div>\r\n\t\t\t<div class=\"sc-icon\">\r\n\t\t\t\t<span class=\"icon-star-empty animated slow\"><\/span>\r\n\t\t\t\t<h2><\/h2>\r\n\t\t\t\t<p>Experiencia en administraci\u00f3n de m\u00e1s de 400 personas en paralelo en el \u00e1rea de retail.<\/p>\r\n\t\t\t<\/div>\r\n\t\t\t<div class=\"sc-icon\">\r\n\t\t\t\t<span class=\"icomoon-cogs animated slow\"><\/span>\r\n\t\t\t\t<h2><\/h2>\r\n\t\t\t\t<p>Administraci\u00f3n general y total de las operaciones de reposici\u00f3n del cliente.<\/p>\r\n\t\t\t<\/div>\r\n\t\t\t<div class=\"sc-icon\">\r\n\t\t\t\t<span class=\"icomoon-brain animated slow\"><\/span>\r\n\t\t\t\t<h2><\/h2>\r\n\t\t\t\t<p>Conocimiento del canal supermercados, mayoristas, farmacias, bencineras, tiendas de conveniencia, grandes tiendas y canal tradicional.<\/p>\r\n\t\t\t<\/div>\r\n\t\t<\/div><\/div><div class=\"theme-one-third theme-column-last\">\r\n\t\t\t<section class=\"widget widget_accordion accordion_style_boxed\">\r\n\t\t\t\t<ul>\r\n\t\t\t\t\t\r\n\t\t\t<li class=\"item \">\r\n\t\t\t\t<article>\r\n\t\t\t\t\t<footer class=\"button\">\r\n\t\t\t\t\t\t<span>+<\/span>\r\n\t\t\t\t\t\t<span>-<\/span>\r\n\t\t\t\t\t<\/footer>\r\n\t\t\t\t\t<header>\r\n\t\t\t\t\t\t<h2 class=\"tran03slinear\">Supervisores de punto de venta<\/h2>\r\n\t\t\t\t\t<\/header>\r\n\t\t\t\t\t<div class=\"item-container\" >\r\n\t\t\t\t\t\t\r\n\t\t\t\t\t<\/div>\r\n\t\t\t\t<\/article>\r\n\t\t\t<\/li>\r\n\t\t\t<li class=\"item \">\r\n\t\t\t\t<article>\r\n\t\t\t\t\t<footer class=\"button\">\r\n\t\t\t\t\t\t<span>+<\/span>\r\n\t\t\t\t\t\t<span>-<\/span>\r\n\t\t\t\t\t<\/footer>\r\n\t\t\t\t\t<header>\r\n\t\t\t\t\t\t<h2 class=\"tran03slinear\">Vendedores y asistente de ventas<\/h2>\r\n\t\t\t\t\t<\/header>\r\n\t\t\t\t\t<div class=\"item-container\" >\r\n\t\t\t\t\t\t\r\n\t\t\t\t\t<\/div>\r\n\t\t\t\t<\/article>\r\n\t\t\t<\/li>\r\n\t\t\t<li class=\"item \">\r\n\t\t\t\t<article>\r\n\t\t\t\t\t<footer class=\"button\">\r\n\t\t\t\t\t\t<span>+<\/span>\r\n\t\t\t\t\t\t<span>-<\/span>\r\n\t\t\t\t\t<\/footer>\r\n\t\t\t\t\t<header>\r\n\t\t\t\t\t\t<h2 class=\"tran03slinear\">Promotores y anfitriones<\/h2>\r\n\t\t\t\t\t<\/header>\r\n\t\t\t\t\t<div class=\"item-container\" >\r\n\t\t\t\t\t\t\r\n\t\t\t\t\t<\/div>\r\n\t\t\t\t<\/article>\r\n\t\t\t<\/li>\r\n\t\t\t<li class=\"item \">\r\n\t\t\t\t<article>\r\n\t\t\t\t\t<footer class=\"button\">\r\n\t\t\t\t\t\t<span>+<\/span>\r\n\t\t\t\t\t\t<span>-<\/span>\r\n\t\t\t\t\t<\/footer>\r\n\t\t\t\t\t<header>\r\n\t\t\t\t\t\t<h2 class=\"tran03slinear\">Reponedores todos los canales, Cajeros<\/h2>\r\n\t\t\t\t\t<\/header>\r\n\t\t\t\t\t<div class=\"item-container\" >\r\n\t\t\t\t\t\t\r\n\t\t\t\t\t<\/div>\r\n\t\t\t\t<\/article>\r\n\t\t\t<\/li>\r\n\t\t\t<li class=\"item \">\r\n\t\t\t\t<article>\r\n\t\t\t\t\t<footer class=\"button\">\r\n\t\t\t\t\t\t<span>+<\/span>\r\n\t\t\t\t\t\t<span>-<\/span>\r\n\t\t\t\t\t<\/footer>\r\n\t\t\t\t\t<header>\r\n\t\t\t\t\t\t<h2 class=\"tran03slinear\">Captadores y encuestadores<\/h2>\r\n\t\t\t\t\t<\/header>\r\n\t\t\t\t\t<div class=\"item-container\" >\r\n\t\t\t\t\t\t\r\n\t\t\t\t\t<\/div>\r\n\t\t\t\t<\/article>\r\n\t\t\t<\/li>\r\n\t\t\t<li class=\"item \">\r\n\t\t\t\t<article>\r\n\t\t\t\t\t<footer class=\"button\">\r\n\t\t\t\t\t\t<span>+<\/span>\r\n\t\t\t\t\t\t<span>-<\/span>\r\n\t\t\t\t\t<\/footer>\r\n\t\t\t\t\t<header>\r\n\t\t\t\t\t\t<h2 class=\"tran03slinear\">Eventos especiales<\/h2>\r\n\t\t\t\t\t<\/header>\r\n\t\t\t\t\t<div class=\"item-container\" >\r\n\t\t\t\t\t\t\r\n\t\t\t\t\t<\/div>\r\n\t\t\t\t<\/article>\r\n\t\t\t<\/li>\r\n\t\t\t\t<\/ul>\r\n\t\t\t<\/section><\/div><div class=\"clear\"><\/div><div class=\"theme-one-third\"><article class=\"service\">\r\n\t\t\t<a href=\"http:\/\/www.puntoazul.cl\/servicios-transitorios\/\" target=\"_self\">\r\n\t\t\t\t<div class=\"service-icon \">\r\n\t\t\t\t\t<span class=\"icon-signout\"><\/span>\r\n\t\t\t\t\t<div><\/div>\r\n\t\t\t\t<\/div>\r\n\t\t\t<\/a>\r\n\t\t\t<h2 class=\"tran03slinear\">SERVICIOS TRANSITORIOS<\/h2>\r\n\t\t\t\r\n\t\t<\/article><\/div><div class=\"theme-one-third\"><article class=\"service\">\r\n\t\t\t<a href=\"http:\/\/www.puntoazul.cl\/consulting\/\" target=\"_self\">\r\n\t\t\t\t<div class=\"service-icon \">\r\n\t\t\t\t\t<span class=\"icomoon-user-plus-3\"><\/span>\r\n\t\t\t\t\t<div><\/div>\r\n\t\t\t\t<\/div>\r\n\t\t\t<\/a>\r\n\t\t\t<h2 class=\"tran03slinear\">CONSULTING<\/h2>\r\n\t\t\t\r\n\t\t<\/article><\/div><div class=\"theme-one-third theme-column-last\"><article class=\"service\">\r\n\t\t\t<a href=\"http:\/\/www.puntoazul.cl\/payrolls\/\" target=\"_self\">\r\n\t\t\t\t<div class=\"service-icon \">\r\n\t\t\t\t\t<span class=\"icomoon-coins\"><\/span>\r\n\t\t\t\t\t<div><\/div>\r\n\t\t\t\t<\/div>\r\n\t\t\t<\/a>\r\n\t\t\t<h2 class=\"tran03slinear\">PAYROLLS<\/h2>\r\n\t\t\t\r\n\t\t<\/article><\/div><div class=\"clear\"><\/div>","protected":false},"excerpt":{"rendered":"<p>ESPECIALISTAS EN TRADE MARKETINGA trav\u00e9s del \u00e1rea de Trade Marketing, Punto Azul provee servicios y soluciones altamente especializadas de RR.HH. a empresas de consumo masivo, orientados a resolver todas sus necesidades de exhibici\u00f3n, rotaci\u00f3n, reposici\u00f3n, promoci\u00f3n, supervisi\u00f3n y reporte de sus productos en el punto de venta, contribuyendo al \u00e9xito de sus estrategias. Una amplia [&hellip;]<\/p>\n","protected":false},"author":1,"featured_media":0,"parent":0,"menu_order":0,"comment_status":"closed","ping_status":"closed","template":"","meta":[],"_links":{"self":[{"href":"https:\/\/www.puntoazul.cl\/index.php?rest_route=\/wp\/v2\/pages\/4245"}],"collection":[{"href":"https:\/\/www.puntoazul.cl\/index.php?rest_route=\/wp\/v2\/pages"}],"about":[{"href":"https:\/\/www.puntoazul.cl\/index.php?rest_route=\/wp\/v2\/types\/page"}],"author":[{"embeddable":true,"href":"https:\/\/www.puntoazul.cl\/index.php?rest_route=\/wp\/v2\/users\/1"}],"replies":[{"embeddable":true,"href":"https:\/\/www.puntoazul.cl\/index.php?rest_route=%2Fwp%2Fv2%2Fcomments&post=4245"}],"version-history":[{"count":2,"href":"https:\/\/www.puntoazul.cl\/index.php?rest_route=\/wp\/v2\/pages\/4245\/revisions"}],"predecessor-version":[{"id":4268,"href":"https:\/\/www.puntoazul.cl\/index.php?rest_route=\/wp\/v2\/pages\/4245\/revisions\/4268"}],"wp:attachment":[{"href":"https:\/\/www.puntoazul.cl\/index.php?rest_route=%2Fwp%2Fv2%2Fmedia&parent=4245"}],"curies":[{"name":"wp","href":"https:\/\/api.w.org\/{rel}","templated":true}]}}