{"id":4247,"date":"2016-05-25T16:10:37","date_gmt":"2016-05-25T16:10:37","guid":{"rendered":"http:\/\/www.puntoazul.cl\/inicio\/?page_id=4247"},"modified":"2016-05-26T17:54:04","modified_gmt":"2016-05-26T17:54:04","slug":"servicios-transitorios","status":"publish","type":"page","link":"https:\/\/www.puntoazul.cl\/?page_id=4247","title":{"rendered":"Servicios Transitorios"},"content":{"rendered":"<div class=\"theme-two-third\"><h3 class=\"special-text\" style=\"font-weight: 300;text-align: left\"><span><p style=\"text-align: justify;\">A trav\u00e9s del \u00e1rea de Servicios Transitorios, Punto Azul entrega la soluci\u00f3n precisa en materia de personal transitorio y\/u ocasional, ya sea en reclutamiento, selecci\u00f3n, contrataci\u00f3n, n\u00f3mina y contingencias laborales.\nServicios Transitorios se especializa en personal capacitado en promoci\u00f3n y venta, exhibici\u00f3n, rotaci\u00f3n, reposici\u00f3n, supervisi\u00f3n, reporter\u00eda, bodegaje y log\u00edstica.\nAdem\u00e1s, ofrece servicios temporales masivos, destinados a gestionar altos vol\u00famenes de contrataci\u00f3n de personal, con una estrategia a la medida de las necesidades de cada cliente, buscando siempre la mejor eficiencia.<\/p><\/span><\/h3><\/div><div class=\"theme-one-third theme-column-last\">\r\n    <div class='blockquote-container-left'>\r\n      <div class='blockquote blockquote-classic'>\r\n        <p><p style=\"text-align: justify;\">Punto Azul posee m\u00e1s de 17 a\u00f1os de experiencia en gesti\u00f3n de capital humano, contamos con personal experto en el reclutamiento y selecci\u00f3n para compa\u00f1\u00edas pertenecientes a diferentes industrias como miner\u00eda, banca, salud (Isapres, AFP), seguros, retail, inmobiliaria, construcci\u00f3n y fundaciones, entre otros.<\/p><\/p>\r\n        \r\n      <\/div>\r\n    <\/div><\/div><div class=\"clear\"><\/div><div class=\"theme-three-fourth\">\r\n\t\t<div class='advantages'>\r\n\t\t\t\r\n\t\t\t<div class=\"sc-icon\">\r\n\t\t\t\t<span class=\"icon-search animated slow\"><\/span>\r\n\t\t\t\t<h2><\/h2>\r\n\t\t\t\t<p>Staff especialista en selecci\u00f3n, con bases de datos propias y actualizadas.<\/p>\r\n\t\t\t<\/div>\r\n\t\t\t<div class=\"sc-icon\">\r\n\t\t\t\t<span class=\"icomoon-file animated slow\"><\/span>\r\n\t\t\t\t<h2><\/h2>\r\n\t\t\t\t<p>Informes de evaluaci\u00f3n psicol\u00f3gica y de competencias de nuestros candidatos seg\u00fan necesidades del cliente.<\/p>\r\n\t\t\t<\/div>\r\n\t\t\t<div class=\"sc-icon\">\r\n\t\t\t\t<span class=\"icon-cogs animated slow\"><\/span>\r\n\t\t\t\t<h2><\/h2>\r\n\t\t\t\t<p>Gesti\u00f3n de todos los procesos y contingencias anexas a la contrataci\u00f3n del trabajador, como pago de remuneraciones, imposiciones y obligaciones legales.<\/p>\r\n\t\t\t<\/div>\r\n\t\t\t<div class=\"sc-icon\">\r\n\t\t\t\t<span class=\"icomoon-user-6 animated slow\"><\/span>\r\n\t\t\t\t<h2><\/h2>\r\n\t\t\t\t<p>Un jefe coordinador del servicio, con foco en operaciones de excelencia, coordinaci\u00f3n constante y relaci\u00f3n presencial y telef\u00f3nica permanente con los trabajadores y el cliente.<\/p>\r\n\t\t\t<\/div>\r\n\t\t<\/div><\/div><div class=\"theme-one-fourth theme-column-last\">\r\n\t\t\t<section class=\"widget widget_accordion accordion_style_boxed\">\r\n\t\t\t\t<ul>\r\n\t\t\t\t\t\r\n\t\t\t<li class=\"item \">\r\n\t\t\t\t<article>\r\n\t\t\t\t\t<footer class=\"button\">\r\n\t\t\t\t\t\t<span>+<\/span>\r\n\t\t\t\t\t\t<span>-<\/span>\r\n\t\t\t\t\t<\/footer>\r\n\t\t\t\t\t<header>\r\n\t\t\t\t\t\t<h2 class=\"tran03slinear\">Reclutamiento<\/h2>\r\n\t\t\t\t\t<\/header>\r\n\t\t\t\t\t<div class=\"item-container\" >\r\n\t\t\t\t\t\t\r\n\t\t\t\t\t<\/div>\r\n\t\t\t\t<\/article>\r\n\t\t\t<\/li>\r\n\t\t\t<li class=\"item \">\r\n\t\t\t\t<article>\r\n\t\t\t\t\t<footer class=\"button\">\r\n\t\t\t\t\t\t<span>+<\/span>\r\n\t\t\t\t\t\t<span>-<\/span>\r\n\t\t\t\t\t<\/footer>\r\n\t\t\t\t\t<header>\r\n\t\t\t\t\t\t<h2 class=\"tran03slinear\">Procesos de N\u00f3minas<\/h2>\r\n\t\t\t\t\t<\/header>\r\n\t\t\t\t\t<div class=\"item-container\" >\r\n\t\t\t\t\t\t\r\n\t\t\t\t\t<\/div>\r\n\t\t\t\t<\/article>\r\n\t\t\t<\/li>\r\n\t\t\t<li class=\"item \">\r\n\t\t\t\t<article>\r\n\t\t\t\t\t<footer class=\"button\">\r\n\t\t\t\t\t\t<span>+<\/span>\r\n\t\t\t\t\t\t<span>-<\/span>\r\n\t\t\t\t\t<\/footer>\r\n\t\t\t\t\t<header>\r\n\t\t\t\t\t\t<h2 class=\"tran03slinear\">Selecci\u00f3n y Contrataci\u00f3n<\/h2>\r\n\t\t\t\t\t<\/header>\r\n\t\t\t\t\t<div class=\"item-container\" >\r\n\t\t\t\t\t\t\r\n\t\t\t\t\t<\/div>\r\n\t\t\t\t<\/article>\r\n\t\t\t<\/li>\r\n\t\t\t<li class=\"item \">\r\n\t\t\t\t<article>\r\n\t\t\t\t\t<footer class=\"button\">\r\n\t\t\t\t\t\t<span>+<\/span>\r\n\t\t\t\t\t\t<span>-<\/span>\r\n\t\t\t\t\t<\/footer>\r\n\t\t\t\t\t<header>\r\n\t\t\t\t\t\t<h2 class=\"tran03slinear\">Contingencias Laborales<\/h2>\r\n\t\t\t\t\t<\/header>\r\n\t\t\t\t\t<div class=\"item-container\" >\r\n\t\t\t\t\t\t\r\n\t\t\t\t\t<\/div>\r\n\t\t\t\t<\/article>\r\n\t\t\t<\/li>\r\n\t\t\t<li class=\"item \">\r\n\t\t\t\t<article>\r\n\t\t\t\t\t<footer class=\"button\">\r\n\t\t\t\t\t\t<span>+<\/span>\r\n\t\t\t\t\t\t<span>-<\/span>\r\n\t\t\t\t\t<\/footer>\r\n\t\t\t\t\t<header>\r\n\t\t\t\t\t\t<h2 class=\"tran03slinear\">Licencias M\u00e9dicas<\/h2>\r\n\t\t\t\t\t<\/header>\r\n\t\t\t\t\t<div class=\"item-container\" >\r\n\t\t\t\t\t\t\r\n\t\t\t\t\t<\/div>\r\n\t\t\t\t<\/article>\r\n\t\t\t<\/li>\r\n\t\t\t<li class=\"item \">\r\n\t\t\t\t<article>\r\n\t\t\t\t\t<footer class=\"button\">\r\n\t\t\t\t\t\t<span>+<\/span>\r\n\t\t\t\t\t\t<span>-<\/span>\r\n\t\t\t\t\t<\/footer>\r\n\t\t\t\t\t<header>\r\n\t\t\t\t\t\t<h2 class=\"tran03slinear\">Re-emplazo Fuero Maternal<\/h2>\r\n\t\t\t\t\t<\/header>\r\n\t\t\t\t\t<div class=\"item-container\" >\r\n\t\t\t\t\t\t\r\n\t\t\t\t\t<\/div>\r\n\t\t\t\t<\/article>\r\n\t\t\t<\/li>\r\n\t\t\t\t<\/ul>\r\n\t\t\t<\/section><\/div><div class=\"clear\"><\/div><div class=\"theme-one-third\"><article class=\"service\">\r\n\t\t\t<a href=\"http:\/\/www.puntoazul.cl\/outsourcing\/\" target=\"_self\">\r\n\t\t\t\t<div class=\"service-icon \">\r\n\t\t\t\t\t<span class=\"icon-cogs\"><\/span>\r\n\t\t\t\t\t<div><\/div>\r\n\t\t\t\t<\/div>\r\n\t\t\t<\/a>\r\n\t\t\t<h2 class=\"tran03slinear\">OUTSOURCING<\/h2>\r\n\t\t\t\r\n\t\t<\/article><\/div><div class=\"theme-one-third\"><article class=\"service\">\r\n\t\t\t<a href=\"http:\/\/www.puntoazul.cl\/consulting\/\" target=\"_self\">\r\n\t\t\t\t<div class=\"service-icon \">\r\n\t\t\t\t\t<span class=\"icomoon-user-plus-3\"><\/span>\r\n\t\t\t\t\t<div><\/div>\r\n\t\t\t\t<\/div>\r\n\t\t\t<\/a>\r\n\t\t\t<h2 class=\"tran03slinear\">CONSULTING<\/h2>\r\n\t\t\t\r\n\t\t<\/article><\/div><div class=\"theme-one-third theme-column-last\"><article class=\"service\">\r\n\t\t\t<a href=\"http:\/\/www.puntoazul.cl\/payrolls\/\" target=\"_self\">\r\n\t\t\t\t<div class=\"service-icon \">\r\n\t\t\t\t\t<span class=\"icomoon-coins\"><\/span>\r\n\t\t\t\t\t<div><\/div>\r\n\t\t\t\t<\/div>\r\n\t\t\t<\/a>\r\n\t\t\t<h2 class=\"tran03slinear\">PAYROLLS<\/h2>\r\n\t\t\t\r\n\t\t<\/article><\/div><div class=\"clear\"><\/div>","protected":false},"excerpt":{"rendered":"<p>A trav\u00e9s del \u00e1rea de Servicios Transitorios, Punto Azul entrega la soluci\u00f3n precisa en materia de personal transitorio y\/u ocasional, ya sea en reclutamiento, selecci\u00f3n, contrataci\u00f3n, n\u00f3mina y contingencias laborales. Servicios Transitorios se especializa en personal capacitado en promoci\u00f3n y venta, exhibici\u00f3n, rotaci\u00f3n, reposici\u00f3n, supervisi\u00f3n, reporter\u00eda, bodegaje y log\u00edstica. Adem\u00e1s, ofrece servicios temporales masivos, destinados [&hellip;]<\/p>\n","protected":false},"author":1,"featured_media":0,"parent":0,"menu_order":0,"comment_status":"closed","ping_status":"closed","template":"","meta":[],"_links":{"self":[{"href":"https:\/\/www.puntoazul.cl\/index.php?rest_route=\/wp\/v2\/pages\/4247"}],"collection":[{"href":"https:\/\/www.puntoazul.cl\/index.php?rest_route=\/wp\/v2\/pages"}],"about":[{"href":"https:\/\/www.puntoazul.cl\/index.php?rest_route=\/wp\/v2\/types\/page"}],"author":[{"embeddable":true,"href":"https:\/\/www.puntoazul.cl\/index.php?rest_route=\/wp\/v2\/users\/1"}],"replies":[{"embeddable":true,"href":"https:\/\/www.puntoazul.cl\/index.php?rest_route=%2Fwp%2Fv2%2Fcomments&post=4247"}],"version-history":[{"count":1,"href":"https:\/\/www.puntoazul.cl\/index.php?rest_route=\/wp\/v2\/pages\/4247\/revisions"}],"predecessor-version":[{"id":4248,"href":"https:\/\/www.puntoazul.cl\/index.php?rest_route=\/wp\/v2\/pages\/4247\/revisions\/4248"}],"wp:attachment":[{"href":"https:\/\/www.puntoazul.cl\/index.php?rest_route=%2Fwp%2Fv2%2Fmedia&parent=4247"}],"curies":[{"name":"wp","href":"https:\/\/api.w.org\/{rel}","templated":true}]}}