{"id":4249,"date":"2016-05-25T16:15:19","date_gmt":"2016-05-25T16:15:19","guid":{"rendered":"http:\/\/www.puntoazul.cl\/inicio\/?page_id=4249"},"modified":"2016-05-26T17:57:31","modified_gmt":"2016-05-26T17:57:31","slug":"consulting","status":"publish","type":"page","link":"https:\/\/www.puntoazul.cl\/?page_id=4249","title":{"rendered":"Consulting"},"content":{"rendered":"<h3 class=\"special-text\" style=\"font-weight: 300;text-align: left\"><span><p style=\"text-align: justify;\">Con el objetivo de dotar a las empresas de una alternativa eficiente y confiable para la externalizaci\u00f3n de los procesos de selecci\u00f3n de personas, de acuerdo al perfil determinado por el cliente, Punto Azul cuenta con un equipo calificado y actualizado en las gestiones de reclutamiento, selecci\u00f3n y evaluaci\u00f3n de personal, convenios con Universidades, CFT, IP, y comunidades sociales en medios Digitales y Redes.<\/p>\n<p style=\"text-align: justify;\">\nEn todo el proceso participan profesionales especialistas que apoyan al cliente en lograr una buena definici\u00f3n del perfil requerido. Este servicio permite a los clientes reducir considerablemente los tiempos que demoran los procesos de selecci\u00f3n. Otorgamos garant\u00eda a la calidad de servicio, remplazando sin costo alguno y al m\u00e1s breve plazo a los candidatos seg\u00fan el cargo solicitado y causal, hasta tres meses despu\u00e9s de terminado el proceso de selecci\u00f3n y haber prestado servicios en la empresa.\nCada uno de nuestros servicios cuenta con un staff de profesionales del m\u00e1s alto nivel.<\/p><\/span><\/h3><div class=\"theme-one-third\"><article class=\"service\">\r\n\t\t\t<a href=\"http:\/\/www.puntoazul.cl\/outsourcing\/\" target=\"_self\">\r\n\t\t\t\t<div class=\"service-icon \">\r\n\t\t\t\t\t<span class=\"icon-cogs\"><\/span>\r\n\t\t\t\t\t<div><\/div>\r\n\t\t\t\t<\/div>\r\n\t\t\t<\/a>\r\n\t\t\t<h2 class=\"tran03slinear\">OUTSOURCING<\/h2>\r\n\t\t\t\r\n\t\t<\/article><\/div><div class=\"theme-one-third\"><article class=\"service\">\r\n\t\t\t<a href=\"http:\/\/www.puntoazul.cl\/servicios-transitorios\/\" target=\"_self\">\r\n\t\t\t\t<div class=\"service-icon \">\r\n\t\t\t\t\t<span class=\"icon-signout\"><\/span>\r\n\t\t\t\t\t<div><\/div>\r\n\t\t\t\t<\/div>\r\n\t\t\t<\/a>\r\n\t\t\t<h2 class=\"tran03slinear\">SERVICIOS TRANSITORIOS<\/h2>\r\n\t\t\t\r\n\t\t<\/article><\/div><div class=\"theme-one-third theme-column-last\"><article class=\"service\">\r\n\t\t\t<a href=\"http:\/\/www.puntoazul.cl\/payrolls\/\" target=\"_self\">\r\n\t\t\t\t<div class=\"service-icon \">\r\n\t\t\t\t\t<span class=\"icomoon-coins\"><\/span>\r\n\t\t\t\t\t<div><\/div>\r\n\t\t\t\t<\/div>\r\n\t\t\t<\/a>\r\n\t\t\t<h2 class=\"tran03slinear\">PAYROLLS<\/h2>\r\n\t\t\t\r\n\t\t<\/article><\/div><div class=\"clear\"><\/div>","protected":false},"excerpt":{"rendered":"<p>Con el objetivo de dotar a las empresas de una alternativa eficiente y confiable para la externalizaci\u00f3n de los procesos de selecci\u00f3n de personas, de acuerdo al perfil determinado por el cliente, Punto Azul cuenta con un equipo calificado y actualizado en las gestiones de reclutamiento, selecci\u00f3n y evaluaci\u00f3n de personal, convenios con Universidades, CFT, [&hellip;]<\/p>\n","protected":false},"author":1,"featured_media":0,"parent":0,"menu_order":0,"comment_status":"closed","ping_status":"closed","template":"","meta":[],"_links":{"self":[{"href":"https:\/\/www.puntoazul.cl\/index.php?rest_route=\/wp\/v2\/pages\/4249"}],"collection":[{"href":"https:\/\/www.puntoazul.cl\/index.php?rest_route=\/wp\/v2\/pages"}],"about":[{"href":"https:\/\/www.puntoazul.cl\/index.php?rest_route=\/wp\/v2\/types\/page"}],"author":[{"embeddable":true,"href":"https:\/\/www.puntoazul.cl\/index.php?rest_route=\/wp\/v2\/users\/1"}],"replies":[{"embeddable":true,"href":"https:\/\/www.puntoazul.cl\/index.php?rest_route=%2Fwp%2Fv2%2Fcomments&post=4249"}],"version-history":[{"count":2,"href":"https:\/\/www.puntoazul.cl\/index.php?rest_route=\/wp\/v2\/pages\/4249\/revisions"}],"predecessor-version":[{"id":4337,"href":"https:\/\/www.puntoazul.cl\/index.php?rest_route=\/wp\/v2\/pages\/4249\/revisions\/4337"}],"wp:attachment":[{"href":"https:\/\/www.puntoazul.cl\/index.php?rest_route=%2Fwp%2Fv2%2Fmedia&parent=4249"}],"curies":[{"name":"wp","href":"https:\/\/api.w.org\/{rel}","templated":true}]}}