{"id":4251,"date":"2016-05-25T16:26:23","date_gmt":"2016-05-25T16:26:23","guid":{"rendered":"http:\/\/www.puntoazul.cl\/inicio\/?page_id=4251"},"modified":"2016-05-26T18:03:30","modified_gmt":"2016-05-26T18:03:30","slug":"payrolls","status":"publish","type":"page","link":"https:\/\/www.puntoazul.cl\/?page_id=4251","title":{"rendered":"Payrolls"},"content":{"rendered":"<div class=\"theme-two-third\"><h3 class=\"special-text\" style=\"font-weight: 300;text-align: left\"><span><p style=\"text-align: justify;\">Punto Azul cuenta con el servicio de externalizaci\u00f3n de pago de nomina a trav\u00e9s de un modelo operativo que permite al cliente generar eficiencias en su negocio, procesando sus remuneraciones con especialistas y poniendo a disposici\u00f3n tecnolog\u00eda de punta. Con esto libera su capacidad operativa dedic\u00e1ndola directamente a su negocio.<\/p>\n<p style=\"text-align: justify;\">Un equipo multidisciplinario con vasta experiencia, y un innovador software permiten otorgarle al cliente un servicio personalizado, logrando que las empresas puedan reducir sus costos y contar con la m\u00e1xima confidencialidad en cuanto a las remuneraciones de su capital humano (Rol General y Rol Executive).<\/p><\/span><\/h3><\/div><div class=\"theme-one-third theme-column-last\">\r\n\t\t\t<section class=\"widget widget_accordion accordion_style2\">\r\n\t\t\t\t<ul>\r\n\t\t\t\t\t\r\n\t\t\t<li class=\"item \">\r\n\t\t\t\t<article>\r\n\t\t\t\t\t<footer class=\"button\">\r\n\t\t\t\t\t\t<span>+<\/span>\r\n\t\t\t\t\t\t<span>-<\/span>\r\n\t\t\t\t\t<\/footer>\r\n\t\t\t\t\t<header>\r\n\t\t\t\t\t\t<h2 class=\"tran03slinear\">Administraci\u00f3n completa de la n\u00f3mina<\/h2>\r\n\t\t\t\t\t<\/header>\r\n\t\t\t\t\t<div class=\"item-container\" >\r\n\t\t\t\t\t\t\r\n\t\t\t\t\t<\/div>\r\n\t\t\t\t<\/article>\r\n\t\t\t<\/li>\r\n\t\t\t<li class=\"item \">\r\n\t\t\t\t<article>\r\n\t\t\t\t\t<footer class=\"button\">\r\n\t\t\t\t\t\t<span>+<\/span>\r\n\t\t\t\t\t\t<span>-<\/span>\r\n\t\t\t\t\t<\/footer>\r\n\t\t\t\t\t<header>\r\n\t\t\t\t\t\t<h2 class=\"tran03slinear\">Autogesti\u00f3n v\u00eda web y smartphone<\/h2>\r\n\t\t\t\t\t<\/header>\r\n\t\t\t\t\t<div class=\"item-container\" >\r\n\t\t\t\t\t\t\r\n\t\t\t\t\t<\/div>\r\n\t\t\t\t<\/article>\r\n\t\t\t<\/li>\r\n\t\t\t<li class=\"item \">\r\n\t\t\t\t<article>\r\n\t\t\t\t\t<footer class=\"button\">\r\n\t\t\t\t\t\t<span>+<\/span>\r\n\t\t\t\t\t\t<span>-<\/span>\r\n\t\t\t\t\t<\/footer>\r\n\t\t\t\t\t<header>\r\n\t\t\t\t\t\t<h2 class=\"tran03slinear\">Transferencias l\u00edquidos a pagar<\/h2>\r\n\t\t\t\t\t<\/header>\r\n\t\t\t\t\t<div class=\"item-container\" >\r\n\t\t\t\t\t\t\r\n\t\t\t\t\t<\/div>\r\n\t\t\t\t<\/article>\r\n\t\t\t<\/li>\r\n\t\t\t<li class=\"item \">\r\n\t\t\t\t<article>\r\n\t\t\t\t\t<footer class=\"button\">\r\n\t\t\t\t\t\t<span>+<\/span>\r\n\t\t\t\t\t\t<span>-<\/span>\r\n\t\t\t\t\t<\/footer>\r\n\t\t\t\t\t<header>\r\n\t\t\t\t\t\t<h2 class=\"tran03slinear\">Pago de cotizaciones<\/h2>\r\n\t\t\t\t\t<\/header>\r\n\t\t\t\t\t<div class=\"item-container\" >\r\n\t\t\t\t\t\t\r\n\t\t\t\t\t<\/div>\r\n\t\t\t\t<\/article>\r\n\t\t\t<\/li>\r\n\t\t\t<li class=\"item \">\r\n\t\t\t\t<article>\r\n\t\t\t\t\t<footer class=\"button\">\r\n\t\t\t\t\t\t<span>+<\/span>\r\n\t\t\t\t\t\t<span>-<\/span>\r\n\t\t\t\t\t<\/footer>\r\n\t\t\t\t\t<header>\r\n\t\t\t\t\t\t<h2 class=\"tran03slinear\">Finiquitos<\/h2>\r\n\t\t\t\t\t<\/header>\r\n\t\t\t\t\t<div class=\"item-container\" >\r\n\t\t\t\t\t\t\r\n\t\t\t\t\t<\/div>\r\n\t\t\t\t<\/article>\r\n\t\t\t<\/li>\r\n\t\t\t<li class=\"item \">\r\n\t\t\t\t<article>\r\n\t\t\t\t\t<footer class=\"button\">\r\n\t\t\t\t\t\t<span>+<\/span>\r\n\t\t\t\t\t\t<span>-<\/span>\r\n\t\t\t\t\t<\/footer>\r\n\t\t\t\t\t<header>\r\n\t\t\t\t\t\t<h2 class=\"tran03slinear\">Declaraci\u00f3n de impuestos<\/h2>\r\n\t\t\t\t\t<\/header>\r\n\t\t\t\t\t<div class=\"item-container\" >\r\n\t\t\t\t\t\t\r\n\t\t\t\t\t<\/div>\r\n\t\t\t\t<\/article>\r\n\t\t\t<\/li>\r\n\t\t\t<li class=\"item \">\r\n\t\t\t\t<article>\r\n\t\t\t\t\t<footer class=\"button\">\r\n\t\t\t\t\t\t<span>+<\/span>\r\n\t\t\t\t\t\t<span>-<\/span>\r\n\t\t\t\t\t<\/footer>\r\n\t\t\t\t\t<header>\r\n\t\t\t\t\t\t<h2 class=\"tran03slinear\">Centralizaci\u00f3n contable por raz\u00f3n social<\/h2>\r\n\t\t\t\t\t<\/header>\r\n\t\t\t\t\t<div class=\"item-container\" >\r\n\t\t\t\t\t\t\r\n\t\t\t\t\t<\/div>\r\n\t\t\t\t<\/article>\r\n\t\t\t<\/li>\r\n\t\t\t\t<\/ul>\r\n\t\t\t<\/section><\/div><div class=\"clear\"><\/div><div class=\"theme-one-third\"><article class=\"service\">\r\n\t\t\t<a href=\"http:\/\/www.puntoazul.cl\/outsourcing\/\" target=\"_self\">\r\n\t\t\t\t<div class=\"service-icon \">\r\n\t\t\t\t\t<span class=\"icon-cogs\"><\/span>\r\n\t\t\t\t\t<div><\/div>\r\n\t\t\t\t<\/div>\r\n\t\t\t<\/a>\r\n\t\t\t<h2 class=\"tran03slinear\">OUTSOURCING<\/h2>\r\n\t\t\t\r\n\t\t<\/article><\/div><div class=\"theme-one-third\"><article class=\"service\">\r\n\t\t\t<a href=\"http:\/\/www.puntoazul.cl\/servicios-transitorios\/\" target=\"_self\">\r\n\t\t\t\t<div class=\"service-icon \">\r\n\t\t\t\t\t<span class=\"icon-signout\"><\/span>\r\n\t\t\t\t\t<div><\/div>\r\n\t\t\t\t<\/div>\r\n\t\t\t<\/a>\r\n\t\t\t<h2 class=\"tran03slinear\">SERVICIOS TRANSITORIOS<\/h2>\r\n\t\t\t\r\n\t\t<\/article><\/div><div class=\"theme-one-third theme-column-last\"><article class=\"service\">\r\n\t\t\t<a href=\"http:\/\/www.puntoazul.cl\/consulting\/\" target=\"_self\">\r\n\t\t\t\t<div class=\"service-icon \">\r\n\t\t\t\t\t<span class=\"icomoon-user-plus-3\"><\/span>\r\n\t\t\t\t\t<div><\/div>\r\n\t\t\t\t<\/div>\r\n\t\t\t<\/a>\r\n\t\t\t<h2 class=\"tran03slinear\">CONSULTING<\/h2>\r\n\t\t\t\r\n\t\t<\/article><\/div><div class=\"clear\"><\/div>","protected":false},"excerpt":{"rendered":"<p>Punto Azul cuenta con el servicio de externalizaci\u00f3n de pago de nomina a trav\u00e9s de un modelo operativo que permite al cliente generar eficiencias en su negocio, procesando sus remuneraciones con especialistas y poniendo a disposici\u00f3n tecnolog\u00eda de punta. Con esto libera su capacidad operativa dedic\u00e1ndola directamente a su negocio. Un equipo multidisciplinario con vasta [&hellip;]<\/p>\n","protected":false},"author":1,"featured_media":0,"parent":0,"menu_order":0,"comment_status":"closed","ping_status":"closed","template":"","meta":[],"_links":{"self":[{"href":"https:\/\/www.puntoazul.cl\/index.php?rest_route=\/wp\/v2\/pages\/4251"}],"collection":[{"href":"https:\/\/www.puntoazul.cl\/index.php?rest_route=\/wp\/v2\/pages"}],"about":[{"href":"https:\/\/www.puntoazul.cl\/index.php?rest_route=\/wp\/v2\/types\/page"}],"author":[{"embeddable":true,"href":"https:\/\/www.puntoazul.cl\/index.php?rest_route=\/wp\/v2\/users\/1"}],"replies":[{"embeddable":true,"href":"https:\/\/www.puntoazul.cl\/index.php?rest_route=%2Fwp%2Fv2%2Fcomments&post=4251"}],"version-history":[{"count":2,"href":"https:\/\/www.puntoazul.cl\/index.php?rest_route=\/wp\/v2\/pages\/4251\/revisions"}],"predecessor-version":[{"id":4338,"href":"https:\/\/www.puntoazul.cl\/index.php?rest_route=\/wp\/v2\/pages\/4251\/revisions\/4338"}],"wp:attachment":[{"href":"https:\/\/www.puntoazul.cl\/index.php?rest_route=%2Fwp%2Fv2%2Fmedia&parent=4251"}],"curies":[{"name":"wp","href":"https:\/\/api.w.org\/{rel}","templated":true}]}}